{"id":99,"date":"2017-02-14T16:46:30","date_gmt":"2017-02-14T15:46:30","guid":{"rendered":"http:\/\/antares-defence.de\/?page_id=99"},"modified":"2018-02-22T11:46:41","modified_gmt":"2018-02-22T10:46:41","slug":"services","status":"publish","type":"page","link":"https:\/\/antares-defence.de\/?page_id=99","title":{"rendered":"Services"},"content":{"rendered":"\n<style type=\"text\/css\" data-created_by=\"avia_inline_auto\" id=\"style-css-av-av_one_fourth-6126cab7d8fab8d08143dd2dacdf673c\">\n.flex_column.av-av_one_fourth-6126cab7d8fab8d08143dd2dacdf673c{\nborder-radius:0px 0px 0px 0px;\npadding:0px 0px 0px 0px;\n}\n<\/style>\n<div  class='flex_column av-av_one_fourth-6126cab7d8fab8d08143dd2dacdf673c av_one_fourth  avia-builder-el-0  el_before_av_three_fourth  avia-builder-el-first  first flex_column_div av-zero-column-padding  '     ><\/div>\n\n<style type=\"text\/css\" data-created_by=\"avia_inline_auto\" id=\"style-css-av-av_three_fourth-0aa7055fe62c3622faec82866afbaeb2\">\n.flex_column.av-av_three_fourth-0aa7055fe62c3622faec82866afbaeb2{\nborder-radius:0px 0px 0px 0px;\npadding:0px 0px 0px 0px;\n}\n<\/style>\n<div  class='flex_column av-av_three_fourth-0aa7055fe62c3622faec82866afbaeb2 av_three_fourth  avia-builder-el-1  el_after_av_one_fourth  el_before_av_submenu  avia-builder-el-last  flex_column_div av-zero-column-padding  '     ><section  class='av_textblock_section av-av_textblock-2de302bf1aa3cf4c9157dbe6f50ac7eb '  ><div class='avia_textblock' ><blockquote>\n<p><em>\n<style type=\"text\/css\" data-created_by=\"avia_inline_auto\" id=\"style-css-av-av_font_icon-55f12b2280d711028136aa3d27d6cd45\">\n.av_font_icon.av-av_font_icon-55f12b2280d711028136aa3d27d6cd45 .av-icon-char{\nfont-size:30px;\nline-height:30px;\n}\n<\/style>\n<span  class='av_font_icon av-av_font_icon-55f12b2280d711028136aa3d27d6cd45 avia_animate_when_visible av-icon-style- avia-icon-pos-left av-no-color avia-icon-animate'><span class='av-icon-char' aria-hidden='true' data-av_icon='\ue833' data-av_iconfont='entypo-fontello' ><\/span><\/span><br \/>\nJedes vierte mittelst\u00e4ndische Unternehmen in Deutschland ist von Wirtschaftskriminalit\u00e4t betroffen &#8211; und sogar jede zweite gro\u00dfe Firma. Es gibt eine v\u00f6llig falsche Risikowahrnehmung.\u00a0Die T\u00e4ter kommen \u00fcberwiegend aus dem eigenen Unternehmen. Noch immer kommt die Pr\u00e4vention aber zu kurz.<br \/>\nMit gezielten Ma\u00dfnahmen an den richtigen Stellen k\u00f6nnten Sch\u00e4den verhindert werden, die ansonsten um ein Vielfaches h\u00f6her liegen.<br \/>\n<code><\/code>\n<style type=\"text\/css\" data-created_by=\"avia_inline_auto\" id=\"style-css-av-av_font_icon-55f12b2280d711028136aa3d27d6cd45\">\n.av_font_icon.av-av_font_icon-55f12b2280d711028136aa3d27d6cd45 .av-icon-char{\nfont-size:30px;\nline-height:30px;\n}\n<\/style>\n<span  class='av_font_icon av-av_font_icon-55f12b2280d711028136aa3d27d6cd45 avia_animate_when_visible av-icon-style- avia-icon-pos-left av-no-color avia-icon-animate'><span class='av-icon-char' aria-hidden='true' data-av_icon='\ue833' data-av_iconfont='entypo-fontello' ><\/span><\/span>\u00a0<\/em><\/p>\n<\/blockquote>\n<\/div><\/section><br \/>\n<section  class='av_textblock_section av-av_textblock-0366cc7376be6c9e82a3e9cc8987b64f '  ><div class='avia_textblock' ><p>Bettina Herbst<\/p>\n<\/div><\/section><\/p><\/div><\/div><\/div><\/div><!-- close content main div --><\/div><\/div><div class='clear'><\/div><div id='sub_menu1'  class='av-submenu-container av-av_submenu-469409893d862e5c6dd27570ed9e4ff4 main_color  avia-builder-el-6  el_after_av_three_fourth  avia-builder-el-last  av-sticky-submenu submenu-not-first container_wrap fullsize' style='z-index:301' ><div class='container av-menu-mobile-disabled av-submenu-pos-center'><ul id='av-custom-submenu-1' class='av-subnav-menu' role='menu'>\n<li class='menu-item av-av_submenu_item-da3630beaec1941394ceed3957bd7d80 menu-item-top-level menu-item-top-level-1' role='menuitem'><a href='https:\/\/antares-defence.de\/?page_id=82'  ><span class='avia-bullet'><\/span><span class='avia-menu-text'>Wirtschaftsermittlungen<\/span><\/a><\/li>\n<li class='menu-item av-av_submenu_item-6224dd514f981e29d4621fecd9a33e44 menu-item-top-level menu-item-top-level-2' role='menuitem'><a href='https:\/\/antares-defence.de\/?page_id=73'  ><span class='avia-bullet'><\/span><span class='avia-menu-text'>Personenschutz<\/span><\/a><\/li>\n<li class='menu-item av-av_submenu_item-443d0da764e271a0f4dd5050a0fd8882 menu-item-top-level menu-item-top-level-3' role='menuitem'><a href='https:\/\/antares-defence.de\/?page_id=86'  ><span class='avia-bullet'><\/span><span class='avia-menu-text'>Hotelsicherheit<\/span><\/a><\/li>\n<li class='menu-item av-av_submenu_item-2790fc40d970c8d932c1f3f1bd4cb94f menu-item-top-level menu-item-top-level-4' role='menuitem'><a href='https:\/\/antares-defence.de\/?page_id=90'  ><span class='avia-bullet'><\/span><span class='avia-menu-text'>Pre-Business Screening<\/span><\/a><\/li>\n<\/ul><\/div><\/div><div class='sticky_placeholder'><\/div><\/p>\n","protected":false},"excerpt":{"rendered":"","protected":false},"author":1,"featured_media":0,"parent":0,"menu_order":0,"comment_status":"closed","ping_status":"closed","template":"","meta":{"footnotes":""},"class_list":["post-99","page","type-page","status-publish","hentry"],"_links":{"self":[{"href":"https:\/\/antares-defence.de\/index.php?rest_route=\/wp\/v2\/pages\/99","targetHints":{"allow":["GET"]}}],"collection":[{"href":"https:\/\/antares-defence.de\/index.php?rest_route=\/wp\/v2\/pages"}],"about":[{"href":"https:\/\/antares-defence.de\/index.php?rest_route=\/wp\/v2\/types\/page"}],"author":[{"embeddable":true,"href":"https:\/\/antares-defence.de\/index.php?rest_route=\/wp\/v2\/users\/1"}],"replies":[{"embeddable":true,"href":"https:\/\/antares-defence.de\/index.php?rest_route=%2Fwp%2Fv2%2Fcomments&post=99"}],"version-history":[{"count":42,"href":"https:\/\/antares-defence.de\/index.php?rest_route=\/wp\/v2\/pages\/99\/revisions"}],"predecessor-version":[{"id":320,"href":"https:\/\/antares-defence.de\/index.php?rest_route=\/wp\/v2\/pages\/99\/revisions\/320"}],"wp:attachment":[{"href":"https:\/\/antares-defence.de\/index.php?rest_route=%2Fwp%2Fv2%2Fmedia&parent=99"}],"curies":[{"name":"wp","href":"https:\/\/api.w.org\/{rel}","templated":true}]}}