{"id":90,"date":"2017-02-14T16:35:07","date_gmt":"2017-02-14T15:35:07","guid":{"rendered":"http:\/\/antares-defence.de\/?page_id=90"},"modified":"2024-01-28T12:46:48","modified_gmt":"2024-01-28T11:46:48","slug":"pre-business-screening","status":"publish","type":"page","link":"https:\/\/antares-defence.de\/?page_id=90","title":{"rendered":"Pre-Business Screening"},"content":{"rendered":"<section  class='av_textblock_section av-1ddi-24d3f2b1d8cba2c965c17ccbdbfbdf66 '  ><div class='avia_textblock' ><h3>Pre-Business Screening<\/h3>\n<\/div><\/section>\n<section  class='av_textblock_section av-3ijjq-1aa7e775245f7fe3bcb94ce360cc0f9e '  ><div class='avia_textblock' ><p><b>Antares Security Solutions<\/b> pr\u00fcft f\u00fcr Sie potentielle Gesch\u00e4ftspartner, als auch deren Unternehmensumfeld. Sie erhalten von uns pr\u00e4zise Ergebnisse \u00fcber:<\/p>\n<\/div><\/section>\n\n<style type=\"text\/css\" data-created_by=\"avia_inline_auto\" id=\"style-css-av-2ocwa-63d56171f96106900341f9b6c12bc436\">\n.flex_column.av-2ocwa-63d56171f96106900341f9b6c12bc436{\nborder-radius:0px 0px 0px 0px;\npadding:0px 0px 0px 0px;\n}\n<\/style>\n<div  class='flex_column av-2ocwa-63d56171f96106900341f9b6c12bc436 av_one_fourth  avia-builder-el-2  el_after_av_textblock  el_before_av_three_fourth  first flex_column_div av-zero-column-padding  column-top-margin'     ><style type=\"text\/css\" data-created_by=\"avia_inline_auto\" id=\"style-css-av-2cs5i-037c38be75ea67ea6d04a193777778da\">\n.avia-image-container.av-2cs5i-037c38be75ea67ea6d04a193777778da img.avia_image{\nbox-shadow:none;\n}\n.avia-image-container.av-2cs5i-037c38be75ea67ea6d04a193777778da .av-image-caption-overlay-center{\ncolor:#ffffff;\n}\n<\/style>\n<div  class='avia-image-container av-2cs5i-037c38be75ea67ea6d04a193777778da av-styling- avia-align-center  avia-builder-el-3  avia-builder-el-no-sibling '  ><div class=\"avia-image-container-inner\"><div class=\"avia-image-overlay-wrap\"><img decoding=\"async\" fetchpriority=\"high\" class='wp-image-61 avia-img-lazy-loading-not-61 avia_image ' src=\"https:\/\/antares-defence.de\/wp-content\/uploads\/2017\/02\/pre-business-screening-300x190.png\" alt='' title='pre-business-screening'  height=\"190\" width=\"300\" srcset=\"https:\/\/antares-defence.de\/wp-content\/uploads\/2017\/02\/pre-business-screening-300x190.png 300w, https:\/\/antares-defence.de\/wp-content\/uploads\/2017\/02\/pre-business-screening-705x446.png 705w, https:\/\/antares-defence.de\/wp-content\/uploads\/2017\/02\/pre-business-screening-450x285.png 450w, https:\/\/antares-defence.de\/wp-content\/uploads\/2017\/02\/pre-business-screening.png 767w\" sizes=\"(max-width: 300px) 100vw, 300px\" \/><\/div><\/div><\/div><\/div>\n\n<style type=\"text\/css\" data-created_by=\"avia_inline_auto\" id=\"style-css-av-5ig6-d5cf384711e692fe1cf48585c207bc0d\">\n.flex_column.av-5ig6-d5cf384711e692fe1cf48585c207bc0d{\nborder-radius:0px 0px 0px 0px;\npadding:0px 0px 0px 0px;\n}\n<\/style>\n<div  class='flex_column av-5ig6-d5cf384711e692fe1cf48585c207bc0d av_three_fourth  avia-builder-el-4  el_after_av_one_fourth  avia-builder-el-last  flex_column_div av-zero-column-padding  column-top-margin'     ><section  class='av_textblock_section av-36hy-76912b98a47c752232f7afde309e3546 '  ><div class='avia_textblock' ><ul>\n<li>Kommunikationsdaten, Rechtsform<\/li>\n<li>Vorst\u00e4nde, Gesch\u00e4ftsf\u00fchrung, Handelsregister<\/li>\n<li>Standardisierte Abschlussdaten und Gesch\u00e4ftszahlen<\/li>\n<li>Ratings und Bonit\u00e4tsindizes sowie Bankverbindungen<\/li>\n<li>Suche nach Verflechtungen und Beteiligungen<\/li>\n<li>Unternehmensbezogene Medienreputation<\/li>\n<li>Pr\u00fcfung der Gesch\u00e4ftsadresse und Gesch\u00e4ftsaktivit\u00e4ten<\/li>\n<li>Recherche im Zusammenhang mit Markenrechten, Markenrechtsverletzungen und Patentanmeldungen<\/li>\n<li>\u00dcberpr\u00fcfung von Sanktionslisten<\/li>\n<li>Abgleich mit Anti-Terrorlisten und beh\u00f6rdlichen Registern<\/li>\n<li>Durchf\u00fchrung von Ma\u00dfnahmen im Produktschutz<\/li>\n<\/ul>\n<\/div><\/section><\/div>\n","protected":false},"excerpt":{"rendered":"","protected":false},"author":1,"featured_media":0,"parent":0,"menu_order":0,"comment_status":"closed","ping_status":"closed","template":"","meta":{"footnotes":""},"class_list":["post-90","page","type-page","status-publish","hentry"],"_links":{"self":[{"href":"https:\/\/antares-defence.de\/index.php?rest_route=\/wp\/v2\/pages\/90","targetHints":{"allow":["GET"]}}],"collection":[{"href":"https:\/\/antares-defence.de\/index.php?rest_route=\/wp\/v2\/pages"}],"about":[{"href":"https:\/\/antares-defence.de\/index.php?rest_route=\/wp\/v2\/types\/page"}],"author":[{"embeddable":true,"href":"https:\/\/antares-defence.de\/index.php?rest_route=\/wp\/v2\/users\/1"}],"replies":[{"embeddable":true,"href":"https:\/\/antares-defence.de\/index.php?rest_route=%2Fwp%2Fv2%2Fcomments&post=90"}],"version-history":[{"count":3,"href":"https:\/\/antares-defence.de\/index.php?rest_route=\/wp\/v2\/pages\/90\/revisions"}],"predecessor-version":[{"id":416,"href":"https:\/\/antares-defence.de\/index.php?rest_route=\/wp\/v2\/pages\/90\/revisions\/416"}],"wp:attachment":[{"href":"https:\/\/antares-defence.de\/index.php?rest_route=%2Fwp%2Fv2%2Fmedia&parent=90"}],"curies":[{"name":"wp","href":"https:\/\/api.w.org\/{rel}","templated":true}]}}