{"id":82,"date":"2017-02-14T15:49:38","date_gmt":"2017-02-14T14:49:38","guid":{"rendered":"http:\/\/antares-defence.de\/?page_id=82"},"modified":"2024-01-27T19:50:46","modified_gmt":"2024-01-27T18:50:46","slug":"wirtschaftsermittlungen","status":"publish","type":"page","link":"https:\/\/antares-defence.de\/?page_id=82","title":{"rendered":"Wirtschaftsermittlungen"},"content":{"rendered":"<section  class='av_textblock_section av-kc0a-2cb397712f31628c991f2ac6ef998b93 '  ><div class='avia_textblock' ><h3>Wirtschaftsermittlungen mit h\u00f6chster Fachkompetenz<\/h3>\n<\/div><\/section>\n<section  class='av_textblock_section av-56isu-c4937fa61b0b360bab48758379767577 '  ><div class='avia_textblock' ><p><b>Antares Security Solutions <\/b>ist auf die l\u00fcckenlose Aufkl\u00e4rung von Wirtschaftskriminalit\u00e4t spezialisiert. Sie werden legal, diskret und ohne \u00f6ffentliche Wahrnehmung durchgef\u00fchrt.<\/p>\n<\/div><\/section>\n\n<style type=\"text\/css\" data-created_by=\"avia_inline_auto\" id=\"style-css-av-4hl1e-e2a4865eabca00fb59f64eb8e7c3abe3\">\n.flex_column.av-4hl1e-e2a4865eabca00fb59f64eb8e7c3abe3{\nborder-radius:0px 0px 0px 0px;\npadding:0px 0px 0px 0px;\n}\n<\/style>\n<div  class='flex_column av-4hl1e-e2a4865eabca00fb59f64eb8e7c3abe3 av_one_fourth  avia-builder-el-2  el_after_av_textblock  el_before_av_three_fourth  first flex_column_div av-zero-column-padding  column-top-margin'     ><style type=\"text\/css\" data-created_by=\"avia_inline_auto\" id=\"style-css-av-4210a-251fb0550282e967a36a80559aa3bec0\">\n.avia-image-container.av-4210a-251fb0550282e967a36a80559aa3bec0 img.avia_image{\nbox-shadow:none;\n}\n.avia-image-container.av-4210a-251fb0550282e967a36a80559aa3bec0 .av-image-caption-overlay-center{\ncolor:#ffffff;\n}\n<\/style>\n<div  class='avia-image-container av-4210a-251fb0550282e967a36a80559aa3bec0 av-styling- avia-align-center  avia-builder-el-3  avia-builder-el-no-sibling '  ><div class=\"avia-image-container-inner\"><div class=\"avia-image-overlay-wrap\"><img decoding=\"async\" fetchpriority=\"high\" class='wp-image-67 avia-img-lazy-loading-not-67 avia_image ' src=\"https:\/\/antares-defence.de\/wp-content\/uploads\/2017\/02\/wirtschaftsermittlungen-300x190.png\" alt='' title='wirtschaftsermittlungen'  height=\"190\" width=\"300\" srcset=\"https:\/\/antares-defence.de\/wp-content\/uploads\/2017\/02\/wirtschaftsermittlungen-300x190.png 300w, https:\/\/antares-defence.de\/wp-content\/uploads\/2017\/02\/wirtschaftsermittlungen-705x446.png 705w, https:\/\/antares-defence.de\/wp-content\/uploads\/2017\/02\/wirtschaftsermittlungen-450x285.png 450w, https:\/\/antares-defence.de\/wp-content\/uploads\/2017\/02\/wirtschaftsermittlungen.png 767w\" sizes=\"(max-width: 300px) 100vw, 300px\" \/><\/div><\/div><\/div><\/div>\n\n<style type=\"text\/css\" data-created_by=\"avia_inline_auto\" id=\"style-css-av-3e7ty-bb7d9836684656852f00fddb6d7614df\">\n.flex_column.av-3e7ty-bb7d9836684656852f00fddb6d7614df{\nborder-radius:0px 0px 0px 0px;\npadding:0px 0px 0px 0px;\n}\n<\/style>\n<div  class='flex_column av-3e7ty-bb7d9836684656852f00fddb6d7614df av_three_fourth  avia-builder-el-4  el_after_av_one_fourth  el_before_av_one_fourth  flex_column_div av-zero-column-padding  column-top-margin'     ><section  class='av_textblock_section av-2ncmi-e96d7ceea1f8961e104653b63669b0f1 '  ><div class='avia_textblock' ><ul>\n<li>Schadensaufkl\u00e4rung und Gefahrenabwehr<\/li>\n<li>Durchsetzung berechtigter Anspr\u00fcche<\/li>\n<li>Pr\u00e4ventive \u00dcberpr\u00fcfungsma\u00dfnahmen dienen der Risikobeurteilung und der Schadensvorbeugung<\/li>\n<li>Kontrolle und Auditierung bestehender Vertragsgrundlagen<\/li>\n<li>Zielf\u00fchrende Ermittlungsstrategien bis hin zur Infiltration, angepasst am Ermittlungsstand und Prozessablauf<\/li>\n<li>Permanente Abstimmung mit Ihnen oder Ihren Rechtsanw\u00e4lten<\/li>\n<li>Ermittlungsergebnisse und Beweise sichern Ihre Position in juristischen Verfahren<\/li>\n<\/ul>\n<\/div><\/section><\/div>\n\n<style type=\"text\/css\" data-created_by=\"avia_inline_auto\" id=\"style-css-av-2828m-30f0485bbd964a136650aa49b9efb9bf\">\n.flex_column.av-2828m-30f0485bbd964a136650aa49b9efb9bf{\nborder-radius:0px 0px 0px 0px;\npadding:0px 0px 0px 0px;\n}\n<\/style>\n<div  class='flex_column av-2828m-30f0485bbd964a136650aa49b9efb9bf av_one_fourth  avia-builder-el-6  el_after_av_three_fourth  el_before_av_three_fourth  first flex_column_div av-zero-column-padding  column-top-margin'     ><\/div>\n\n<style type=\"text\/css\" data-created_by=\"avia_inline_auto\" id=\"style-css-av-5a9i-1220a91b7e926745228685f5d1b48d95\">\n.flex_column.av-5a9i-1220a91b7e926745228685f5d1b48d95{\nborder-radius:0px 0px 0px 0px;\npadding:0px 0px 0px 0px;\n}\n<\/style>\n<div  class='flex_column av-5a9i-1220a91b7e926745228685f5d1b48d95 av_three_fourth  avia-builder-el-7  el_after_av_one_fourth  avia-builder-el-last  flex_column_div av-zero-column-padding  column-top-margin'     ><section  class='av_textblock_section av-13gz2-e70ad32a5232a74e5bd94ed335b942f6 '  ><div class='avia_textblock' ><p><b>Antares Security Solutions<\/b> ist auf die l\u00fcckenlose Aufkl\u00e4rung von Wirtschaftskriminalit\u00e4t spezialisiert.<br \/>\nErmittlungen, Recherchen und Untersuchungen im wirtschaftlichen Umfeld dienen der Pr\u00e4vention, der Abwehr unberechtigter Anspr\u00fcche sowie der Schadensaufkl\u00e4rung und Gefahrenabwehr. Sie werden legal, diskret und ohne \u00f6ffentliche Wahrnehmung durchgef\u00fchrt.<\/p>\n<p><b>Antares Security Solutions <\/b>verf\u00fcgt \u00fcber langj\u00e4hrige Erfahrungen in den Bereichen der Wirtschaftsermittlungen und Observationen.<\/p>\n<p><strong>Pr\u00e4vention<\/strong><br \/>\nPr\u00e4ventive \u00dcberpr\u00fcfungsma\u00dfnahmen dienen der Risikobeurteilung und der Schadenspr\u00e4vention. Die Antares Defence GmbH unterst\u00fctzt Unternehmen, Anwaltskanzleien und Steuerberatungs- und Steuerpr\u00fcfungsgesellschaften in verschiedenen Feldern der Schadenspr\u00e4vention, wie z.B. im Rahmen von Due-Diligence-Pr\u00fcfungen oder bei Background-Checks von Bewerbern, Privatpersonen oder bei Gesch\u00e4ftsanbahnungen.<\/p>\n<p><strong>Durchsetzung berechtigter Anspr\u00fcche<\/strong><br \/>\nWir unterst\u00fctzen und helfen Unternehmen und Rechtsanw\u00e4lten bei der erfolgreichen Durchsetzung berechtigter Anspr\u00fcche und Forderungen. Gleich ob ein Verfahren bereits bei Gericht anh\u00e4ngig ist oder sich noch in einer au\u00dfergerichtlichen Phase befindet, wir st\u00e4rken Ihre Verhandlungsposition, indem wir notwendige Beweise sichern oder beschaffen.<\/p>\n<p><strong>Schadensaufkl\u00e4rung und Gefahrenabwehr<\/strong><br \/>\nWirtschaftskriminalit\u00e4t stellt f\u00fcr Unternehmen heute eine gr\u00f6\u00dfere Bedrohung dar denn je. Jedes vierte mittelst\u00e4ndige Unternehmen in Deutschland ist von Wirtschaftskriminalit\u00e4t betroffen &#8211; und sogar jede zweite gro\u00dfe Firma. &#8222;Es gibt eine v\u00f6llig falsche Risikowahrnehmung&#8220;<br \/>\nDie T\u00e4ter kommen \u00fcberwiegend aus dem eigenen Unternehmen. Mit gezielten Ma\u00dfnahmen an den richtigen Stellen k\u00f6nnen Sch\u00e4den verhindert werden, die ansonsten um ein Vielfaches h\u00f6her liegen. Bei Verdacht auf wirtschaftskriminelle Handlungen ist eine externe und unabh\u00e4ngige Aufkl\u00e4rung erforderlich. Wir helfen Ihnen, die Vorf\u00e4lle l\u00fcckenlos aufzukl\u00e4ren. Dabei bleibt es stets Ihre Entscheidung, ob staatliche Ermittlungsbeh\u00f6rden in den Fall mit eingebunden werden, oder ob eine \u00f6ffentliche Wahrnehmung vermieden werden soll.<\/p>\n<p><strong>Zielf\u00fchrende Ermittlungsstrategien<\/strong><br \/>\nDer Weg ist das Ziel. Wir, die <b>Antares Security Solutions<\/b>\u00a0erarbeiten, unter Ber\u00fccksichtigung spezifischer Anforderungen aus, jeweils vor Beginn einer Ermittlung eine geeignete und zielf\u00fchrende Ermittlungsstrategie. Diese wird w\u00e4hrend der laufenden Ermittlungen st\u00e4ndig an die aktuellen Entwicklungen eines Ermittlungsfalles angepasst. Auf Wunsch stimmt der leitende Ermittler, in einem laufenden Prozess, die Vorgehensweise im Ermittlungsfall mit Ihnen oder Ihren Rechtsanw\u00e4lten ab. Gewonnene Ermittlungsergebnisse und Beweise k\u00f6nnen somit zielf\u00fchrend in ein laufendes juristisches Verfahren mit einflie\u00dfen.<\/p>\n<\/div><\/section><\/div>\n","protected":false},"excerpt":{"rendered":"","protected":false},"author":1,"featured_media":0,"parent":0,"menu_order":0,"comment_status":"closed","ping_status":"closed","template":"","meta":{"footnotes":""},"class_list":["post-82","page","type-page","status-publish","hentry"],"_links":{"self":[{"href":"https:\/\/antares-defence.de\/index.php?rest_route=\/wp\/v2\/pages\/82","targetHints":{"allow":["GET"]}}],"collection":[{"href":"https:\/\/antares-defence.de\/index.php?rest_route=\/wp\/v2\/pages"}],"about":[{"href":"https:\/\/antares-defence.de\/index.php?rest_route=\/wp\/v2\/types\/page"}],"author":[{"embeddable":true,"href":"https:\/\/antares-defence.de\/index.php?rest_route=\/wp\/v2\/users\/1"}],"replies":[{"embeddable":true,"href":"https:\/\/antares-defence.de\/index.php?rest_route=%2Fwp%2Fv2%2Fcomments&post=82"}],"version-history":[{"count":6,"href":"https:\/\/antares-defence.de\/index.php?rest_route=\/wp\/v2\/pages\/82\/revisions"}],"predecessor-version":[{"id":415,"href":"https:\/\/antares-defence.de\/index.php?rest_route=\/wp\/v2\/pages\/82\/revisions\/415"}],"wp:attachment":[{"href":"https:\/\/antares-defence.de\/index.php?rest_route=%2Fwp%2Fv2%2Fmedia&parent=82"}],"curies":[{"name":"wp","href":"https:\/\/api.w.org\/{rel}","templated":true}]}}