{"id":42,"date":"2017-02-13T19:41:04","date_gmt":"2017-02-13T18:41:04","guid":{"rendered":"http:\/\/antares-defence.de\/?page_id=42"},"modified":"2024-01-28T12:50:08","modified_gmt":"2024-01-28T11:50:08","slug":"42-2","status":"publish","type":"page","link":"https:\/\/antares-defence.de\/","title":{"rendered":"Startseite"},"content":{"rendered":"\n<style type=\"text\/css\" data-created_by=\"avia_inline_auto\" id=\"style-css-av-cu3am-94d20eddf7d1e3588727c8246bf5ad87\">\n.flex_column.av-cu3am-94d20eddf7d1e3588727c8246bf5ad87{\nborder-radius:0px 0px 0px 0px;\npadding:10px 10px 10px 10px;\nbackground-color:#ededed;\n}\n<\/style>\n<div  class='flex_column av-cu3am-94d20eddf7d1e3588727c8246bf5ad87 av_one_half  avia-builder-el-0  el_before_av_one_half  avia-builder-el-first  first flex_column_div  '     ><section  class='av_textblock_section av-c6ele-203d68db21a28b357d2be86dac3055bd '  ><div class='avia_textblock' ><div class=\"col-md-6 col-sm-12 mobile-box serve-shade\">\n<div class=\"team-v2\">\n<div class=\"inner-team\">\n<div class=\"service-title\">\n<h3 class=\"service-text\" style=\"text-align: center;\">Hotelsicherheit<\/h3>\n<\/div>\n<\/div>\n<\/div>\n<\/div>\n<\/div><\/section><br \/>\n<div  class='avia-slideshow av-bhcfm-7f3ea694b3af2a53154bfe4ee2118b99 avia-slideshow-featured av_slideshow avia-slide-slider  avia-builder-el-2  el_after_av_textblock  el_before_av_textblock  av-slideshow-ui av-control-default av-slideshow-manual av-loop-once av-loop-manual-endless av-default-height-applied avia-slideshow-1' data-slideshow-options=\"{&quot;animation&quot;:&quot;slide&quot;,&quot;autoplay&quot;:false,&quot;loop_autoplay&quot;:&quot;once&quot;,&quot;interval&quot;:5,&quot;loop_manual&quot;:&quot;manual-endless&quot;,&quot;autoplay_stopper&quot;:false,&quot;noNavigation&quot;:false,&quot;bg_slider&quot;:false,&quot;keep_padding&quot;:false,&quot;hoverpause&quot;:false,&quot;show_slide_delay&quot;:0}\" ><ul class='avia-slideshow-inner ' style='padding-bottom: 56.06258148631%;'><li  class='avia-slideshow-slide av-bhcfm-7f3ea694b3af2a53154bfe4ee2118b99__0  av-single-slide slide-1 slide-odd'><a href=\"https:\/\/antares-defence.de\/?page_id=86\"  data-rel='slideshow-1' class='avia-slide-wrap '   ><img decoding=\"async\" fetchpriority=\"high\" class=\"wp-image-66 avia-img-lazy-loading-not-66\"  src=\"https:\/\/antares-defence.de\/wp-content\/uploads\/2017\/02\/hotel-767x430.png\" width=\"767\" height=\"430\" title='hotel' alt=''   \/><\/a><\/li><\/ul><\/div><br \/>\n\n<style type=\"text\/css\" data-created_by=\"avia_inline_auto\" id=\"style-css-av-kegvq9tl-aa37ba8dcb2712f17e26e2a78088ff10\">\n#top .av_textblock_section.av-kegvq9tl-aa37ba8dcb2712f17e26e2a78088ff10 .avia_textblock{\ntext-align:center;\n}\n<\/style>\n<section  class='av_textblock_section av-kegvq9tl-aa37ba8dcb2712f17e26e2a78088ff10 '  ><div class='avia_textblock' ><p><b>Antares Security Solutions<\/b>\u00a0ist f\u00fchrend bei der Sicherheitsbetreuung von Hotel- und Tagungseinrichtungen. Wir analysieren jeden einzelnen Schwachpunkt und optimieren in der Gesamtheit.<\/p>\n<\/div><\/section><\/p><\/div>\n<style type=\"text\/css\" data-created_by=\"avia_inline_auto\" id=\"style-css-av-9lwvy-59193e79e1c732aa052520d108ccb2d7\">\n.flex_column.av-9lwvy-59193e79e1c732aa052520d108ccb2d7{\nborder-radius:0px 0px 0px 0px;\npadding:10px 10px 10px 10px;\nbackground-color:#ededed;\n}\n<\/style>\n<div  class='flex_column av-9lwvy-59193e79e1c732aa052520d108ccb2d7 av_one_half  avia-builder-el-4  el_after_av_one_half  el_before_av_one_half  flex_column_div  '     ><section  class='av_textblock_section av-996mq-839e65fb70b383e5e56c5996caca3f74 '  ><div class='avia_textblock' ><h3 style=\"text-align: center;\">Personenschutz<\/h3>\n<\/div><\/section><br \/>\n<div  class='avia-slideshow av-8votu-097063daaea9b5d6f611dc3902e9465d avia-slideshow-featured av_slideshow avia-slide-slider  avia-builder-el-6  el_after_av_textblock  el_before_av_textblock  av-slideshow-ui av-control-default av-slideshow-manual av-loop-once av-loop-manual-endless av-default-height-applied avia-slideshow-2' data-slideshow-options=\"{&quot;animation&quot;:&quot;slide&quot;,&quot;autoplay&quot;:false,&quot;loop_autoplay&quot;:&quot;once&quot;,&quot;interval&quot;:5,&quot;loop_manual&quot;:&quot;manual-endless&quot;,&quot;autoplay_stopper&quot;:false,&quot;noNavigation&quot;:false,&quot;bg_slider&quot;:false,&quot;keep_padding&quot;:false,&quot;hoverpause&quot;:false,&quot;show_slide_delay&quot;:0}\" ><ul class='avia-slideshow-inner ' style='padding-bottom: 56.135770234987%;'><li  class='avia-slideshow-slide av-8votu-097063daaea9b5d6f611dc3902e9465d__0  av-single-slide slide-1 slide-odd'><a href=\"https:\/\/antares-defence.de\/?page_id=73\"  data-rel='slideshow-2' class='avia-slide-wrap '   ><img decoding=\"async\" fetchpriority=\"high\" class=\"wp-image-211 avia-img-lazy-loading-not-211\"  src=\"https:\/\/antares-defence.de\/wp-content\/uploads\/2017\/02\/personenschutz5-766x430.png\" width=\"766\" height=\"430\" title='personenschutz5' alt=''   \/><\/a><\/li><\/ul><\/div><br \/>\n\n<style type=\"text\/css\" data-created_by=\"avia_inline_auto\" id=\"style-css-av-7oite-e9a4d7227d23f5142ece34add2dbacbb\">\n#top .av_textblock_section.av-7oite-e9a4d7227d23f5142ece34add2dbacbb .avia_textblock{\ntext-align:center;\n}\n<\/style>\n<section  class='av_textblock_section av-7oite-e9a4d7227d23f5142ece34add2dbacbb '  ><div class='avia_textblock' ><div class=\"col-md-6 col-sm-12 mobile-box serve-shade\">\n<div class=\"team-v2\">\n<div class=\"inner-team\">\n<p class=\"p-m\" style=\"text-align: center;\"><b>Antares Security Solutions<\/b> bietet risikoexponierten Einzelkunden, oder Familien und deren Angeh\u00f6rigen ein strategisches und operatives Sicherheitsmanagement.<\/p>\n<\/div>\n<div class=\"inner-team\"><\/div>\n<\/div>\n<\/div>\n<\/div><\/section><\/p><\/div>\n<style type=\"text\/css\" data-created_by=\"avia_inline_auto\" id=\"style-css-av-6momi-01a2e8462e0f94ae7236d7c464b5cc8b\">\n.flex_column.av-6momi-01a2e8462e0f94ae7236d7c464b5cc8b{\nborder-radius:0px 0px 0px 0px;\npadding:10px 10px 10px 10px;\nbackground-color:#ededed;\n}\n<\/style>\n<div  class='flex_column av-6momi-01a2e8462e0f94ae7236d7c464b5cc8b av_one_half  avia-builder-el-8  el_after_av_one_half  el_before_av_one_half  first flex_column_div  column-top-margin'     ><section  class='av_textblock_section av-60leq-9b84df9203ce86c8385509ec5886be12 '  ><div class='avia_textblock' ><h3 style=\"text-align: center;\">Pre-Business Screening<\/h3>\n<\/div><\/section><br \/>\n<div  class='avia-slideshow av-5vhgi-757a8ab3a2e44ec8736b663066373572 avia-slideshow-featured av_slideshow avia-slide-slider  avia-builder-el-10  el_after_av_textblock  el_before_av_textblock  av-slideshow-ui av-control-default av-slideshow-manual av-loop-once av-loop-manual-endless av-default-height-applied avia-slideshow-3' data-slideshow-options=\"{&quot;animation&quot;:&quot;slide&quot;,&quot;autoplay&quot;:false,&quot;loop_autoplay&quot;:&quot;once&quot;,&quot;interval&quot;:5,&quot;loop_manual&quot;:&quot;manual-endless&quot;,&quot;autoplay_stopper&quot;:false,&quot;noNavigation&quot;:false,&quot;bg_slider&quot;:false,&quot;keep_padding&quot;:false,&quot;hoverpause&quot;:false,&quot;show_slide_delay&quot;:0}\" ><ul class='avia-slideshow-inner ' style='padding-bottom: 56.06258148631%;'><li  class='avia-slideshow-slide av-5vhgi-757a8ab3a2e44ec8736b663066373572__0  av-single-slide slide-1 slide-odd'><a href=\"https:\/\/antares-defence.de\/?page_id=90\"  data-rel='slideshow-3' class='avia-slide-wrap '   ><img decoding=\"async\" fetchpriority=\"high\" class=\"wp-image-61 avia-img-lazy-loading-not-61\"  src=\"https:\/\/antares-defence.de\/wp-content\/uploads\/2017\/02\/pre-business-screening-767x430.png\" width=\"767\" height=\"430\" title='pre-business-screening' alt=''   \/><\/a><\/li><\/ul><\/div><br \/>\n\n<style type=\"text\/css\" data-created_by=\"avia_inline_auto\" id=\"style-css-av-fsbi-6535af562b28a09ca34774d655fd7732\">\n#top .av_textblock_section.av-fsbi-6535af562b28a09ca34774d655fd7732 .avia_textblock{\ntext-align:center;\n}\n<\/style>\n<section  class='av_textblock_section av-fsbi-6535af562b28a09ca34774d655fd7732 '  ><div class='avia_textblock' ><p style=\"text-align: center;\"><b>Antares Security Solutions<\/b> pr\u00fcft f\u00fcr Sie potentielle Gesch\u00e4ftspartner, als auch deren Unternehmensumfeld.<\/p>\n<\/div><\/section><\/p><\/div>\n<style type=\"text\/css\" data-created_by=\"avia_inline_auto\" id=\"style-css-av-3zdaq-de00d8b22e4f3783fe5a53a48e3ae811\">\n.flex_column.av-3zdaq-de00d8b22e4f3783fe5a53a48e3ae811{\nborder-radius:0px 0px 0px 0px;\npadding:10px 10px 10px 10px;\nbackground-color:#ededed;\n}\n<\/style>\n<div  class='flex_column av-3zdaq-de00d8b22e4f3783fe5a53a48e3ae811 av_one_half  avia-builder-el-12  el_after_av_one_half  el_before_av_textblock  flex_column_div  column-top-margin'     ><section  class='av_textblock_section av-3iwmm-387c8f24070826c44310cde582fc5e2c '  ><div class='avia_textblock' ><h3 style=\"text-align: center;\">Wirtschaftsermittlungen<\/h3>\n<\/div><\/section><br \/>\n<div  class='avia-slideshow av-2uz4q-60b8bc764342d7b9be52e59c3c8c4f8a avia-slideshow-featured av_slideshow avia-slide-slider  avia-builder-el-14  el_after_av_textblock  el_before_av_textblock  av-slideshow-ui av-control-default av-slideshow-manual av-loop-once av-loop-manual-endless av-default-height-applied avia-slideshow-4' data-slideshow-options=\"{&quot;animation&quot;:&quot;slide&quot;,&quot;autoplay&quot;:false,&quot;loop_autoplay&quot;:&quot;once&quot;,&quot;interval&quot;:5,&quot;loop_manual&quot;:&quot;manual-endless&quot;,&quot;autoplay_stopper&quot;:false,&quot;noNavigation&quot;:false,&quot;bg_slider&quot;:false,&quot;keep_padding&quot;:false,&quot;hoverpause&quot;:false,&quot;show_slide_delay&quot;:0}\" ><ul class='avia-slideshow-inner ' style='padding-bottom: 56.06258148631%;'><li  class='avia-slideshow-slide av-2uz4q-60b8bc764342d7b9be52e59c3c8c4f8a__0  av-single-slide slide-1 slide-odd'><a href=\"https:\/\/antares-defence.de\/?page_id=82\"  data-rel='slideshow-4' class='avia-slide-wrap '   ><img decoding=\"async\" fetchpriority=\"high\" class=\"wp-image-67 avia-img-lazy-loading-not-67\"  src=\"https:\/\/antares-defence.de\/wp-content\/uploads\/2017\/02\/wirtschaftsermittlungen-767x430.png\" width=\"767\" height=\"430\" title='wirtschaftsermittlungen' alt=''   \/><\/a><\/li><\/ul><\/div><br \/>\n\n<style type=\"text\/css\" data-created_by=\"avia_inline_auto\" id=\"style-css-av-1llsq-74fbc76922d710a914d3090bdaeee2df\">\n#top .av_textblock_section.av-1llsq-74fbc76922d710a914d3090bdaeee2df .avia_textblock{\ntext-align:center;\n}\n<\/style>\n<section  class='av_textblock_section av-1llsq-74fbc76922d710a914d3090bdaeee2df '  ><div class='avia_textblock' ><p style=\"text-align: center;\"><b>Antares Security Solutions<\/b> ist auf die l\u00fcckenlose Aufkl\u00e4rung von Wirtschaftskriminalit\u00e4t spezialisiert. Sie werden legal, diskret und ohne \u00f6ffentliche Wahrnehmung durchgef\u00fchrt.<\/p>\n<\/div><\/section><\/p><\/div><section  class='av_textblock_section av-erq-9d5dd5801068ed2bd08bcdbb0d499715 '  ><div class='avia_textblock' ><p>\u00a0<\/p>\n<\/div><\/section><\/p>\n","protected":false},"excerpt":{"rendered":"","protected":false},"author":1,"featured_media":53,"parent":0,"menu_order":0,"comment_status":"closed","ping_status":"closed","template":"","meta":{"footnotes":""},"class_list":["post-42","page","type-page","status-publish","has-post-thumbnail","hentry"],"_links":{"self":[{"href":"https:\/\/antares-defence.de\/index.php?rest_route=\/wp\/v2\/pages\/42","targetHints":{"allow":["GET"]}}],"collection":[{"href":"https:\/\/antares-defence.de\/index.php?rest_route=\/wp\/v2\/pages"}],"about":[{"href":"https:\/\/antares-defence.de\/index.php?rest_route=\/wp\/v2\/types\/page"}],"author":[{"embeddable":true,"href":"https:\/\/antares-defence.de\/index.php?rest_route=\/wp\/v2\/users\/1"}],"replies":[{"embeddable":true,"href":"https:\/\/antares-defence.de\/index.php?rest_route=%2Fwp%2Fv2%2Fcomments&post=42"}],"version-history":[{"count":58,"href":"https:\/\/antares-defence.de\/index.php?rest_route=\/wp\/v2\/pages\/42\/revisions"}],"predecessor-version":[{"id":428,"href":"https:\/\/antares-defence.de\/index.php?rest_route=\/wp\/v2\/pages\/42\/revisions\/428"}],"wp:featuredmedia":[{"embeddable":true,"href":"https:\/\/antares-defence.de\/index.php?rest_route=\/wp\/v2\/media\/53"}],"wp:attachment":[{"href":"https:\/\/antares-defence.de\/index.php?rest_route=%2Fwp%2Fv2%2Fmedia&parent=42"}],"curies":[{"name":"wp","href":"https:\/\/api.w.org\/{rel}","templated":true}]}}