{"id":219,"date":"2017-02-15T08:22:18","date_gmt":"2017-02-15T07:22:18","guid":{"rendered":"http:\/\/antares-defence.de\/?page_id=219"},"modified":"2017-02-15T18:37:26","modified_gmt":"2017-02-15T17:37:26","slug":"referenzen","status":"publish","type":"page","link":"https:\/\/antares-defence.de\/?page_id=219","title":{"rendered":"Referenzen"},"content":{"rendered":"\n<style type=\"text\/css\" data-created_by=\"avia_inline_auto\" id=\"style-css-av-av_one_third-6126cab7d8fab8d08143dd2dacdf673c\">\n.flex_column.av-av_one_third-6126cab7d8fab8d08143dd2dacdf673c{\nborder-radius:0px 0px 0px 0px;\npadding:0px 0px 0px 0px;\n}\n<\/style>\n<div  class='flex_column av-av_one_third-6126cab7d8fab8d08143dd2dacdf673c av_one_third  avia-builder-el-0  el_before_av_two_third  avia-builder-el-first  first flex_column_div av-zero-column-padding  '     ><style type=\"text\/css\" data-created_by=\"avia_inline_auto\" id=\"style-css-av-av_font_icon-11f0dc6c2bd9e77d8932b19181865a98\">\n.av_font_icon.av-av_font_icon-11f0dc6c2bd9e77d8932b19181865a98 .av-icon-char{\nfont-size:40px;\nline-height:40px;\n}\n<\/style>\n<span  class='av_font_icon av-av_font_icon-11f0dc6c2bd9e77d8932b19181865a98 avia_animate_when_visible av-icon-style- avia-icon-pos-right av-no-color avia-icon-animate'><span class='av-icon-char' aria-hidden='true' data-av_icon='\ue81e' data-av_iconfont='entypo-fontello' ><\/span><\/span><\/div>\n\n<style type=\"text\/css\" data-created_by=\"avia_inline_auto\" id=\"style-css-av-av_two_third-0aa7055fe62c3622faec82866afbaeb2\">\n.flex_column.av-av_two_third-0aa7055fe62c3622faec82866afbaeb2{\nborder-radius:0px 0px 0px 0px;\npadding:0px 0px 0px 0px;\n}\n<\/style>\n<div  class='flex_column av-av_two_third-0aa7055fe62c3622faec82866afbaeb2 av_two_third  avia-builder-el-2  el_after_av_one_third  avia-builder-el-last  flex_column_div av-zero-column-padding  '     ><section  class='av_textblock_section av-av_textblock-0366cc7376be6c9e82a3e9cc8987b64f '  ><div class='avia_textblock' ><p>Bitte haben Sie Verst\u00e4ndnis daf\u00fcr, dass wir aus Diskretionsgr\u00fcnden keine Referenzen angeben k\u00f6nnen.<br \/>\nF\u00fcr genauere Informationen oder eine individuelle Beratung Ihrer Sicherheitsfragen kontaktieren Sie uns gerne.<\/p>\n<p><a href=\"https:\/\/antares-defence.de\/?page_id=129\"><strong>&gt;&gt;Kontaktformular<\/strong><\/a><\/p>\n<\/div><\/section><\/div>\n","protected":false},"excerpt":{"rendered":"","protected":false},"author":1,"featured_media":0,"parent":0,"menu_order":0,"comment_status":"closed","ping_status":"closed","template":"","meta":{"footnotes":""},"class_list":["post-219","page","type-page","status-publish","hentry"],"_links":{"self":[{"href":"https:\/\/antares-defence.de\/index.php?rest_route=\/wp\/v2\/pages\/219","targetHints":{"allow":["GET"]}}],"collection":[{"href":"https:\/\/antares-defence.de\/index.php?rest_route=\/wp\/v2\/pages"}],"about":[{"href":"https:\/\/antares-defence.de\/index.php?rest_route=\/wp\/v2\/types\/page"}],"author":[{"embeddable":true,"href":"https:\/\/antares-defence.de\/index.php?rest_route=\/wp\/v2\/users\/1"}],"replies":[{"embeddable":true,"href":"https:\/\/antares-defence.de\/index.php?rest_route=%2Fwp%2Fv2%2Fcomments&post=219"}],"version-history":[{"count":5,"href":"https:\/\/antares-defence.de\/index.php?rest_route=\/wp\/v2\/pages\/219\/revisions"}],"predecessor-version":[{"id":262,"href":"https:\/\/antares-defence.de\/index.php?rest_route=\/wp\/v2\/pages\/219\/revisions\/262"}],"wp:attachment":[{"href":"https:\/\/antares-defence.de\/index.php?rest_route=%2Fwp%2Fv2%2Fmedia&parent=219"}],"curies":[{"name":"wp","href":"https:\/\/api.w.org\/{rel}","templated":true}]}}