{"id":106,"date":"2017-02-14T16:53:44","date_gmt":"2017-02-14T15:53:44","guid":{"rendered":"http:\/\/antares-defence.de\/?page_id=106"},"modified":"2024-01-28T12:47:40","modified_gmt":"2024-01-28T11:47:40","slug":"ueber-uns","status":"publish","type":"page","link":"https:\/\/antares-defence.de\/?page_id=106","title":{"rendered":"\u00dcber uns"},"content":{"rendered":"\n<style type=\"text\/css\" data-created_by=\"avia_inline_auto\" id=\"style-css-av-152rf6-bbe7acfb6090bd60832596b993c4951d\">\n.flex_column.av-152rf6-bbe7acfb6090bd60832596b993c4951d{\nborder-radius:0px 0px 0px 0px;\npadding:0px 0px 0px 0px;\n}\n<\/style>\n<div  class='flex_column av-152rf6-bbe7acfb6090bd60832596b993c4951d av_one_third  avia-builder-el-0  el_before_av_two_third  avia-builder-el-first  first flex_column_div av-zero-column-padding  '     ><p>\n<style type=\"text\/css\" data-created_by=\"avia_inline_auto\" id=\"style-css-av-yw37u-34c44e1a872364fc9d51dbcd71d758ed\">\n.avia-image-container.av-yw37u-34c44e1a872364fc9d51dbcd71d758ed img.avia_image{\nbox-shadow:none;\n}\n.avia-image-container.av-yw37u-34c44e1a872364fc9d51dbcd71d758ed .av-image-caption-overlay-center{\ncolor:#ffffff;\n}\n<\/style>\n<div  class='avia-image-container av-yw37u-34c44e1a872364fc9d51dbcd71d758ed av-styling- avia-align-center  avia-builder-el-1  el_before_av_textblock  avia-builder-el-first '  ><div class=\"avia-image-container-inner\"><div class=\"avia-image-overlay-wrap\"><img decoding=\"async\" fetchpriority=\"high\" class='wp-image-175 avia-img-lazy-loading-not-175 avia_image ' src=\"https:\/\/antares-defence.de\/wp-content\/uploads\/2017\/02\/sg1.png\" alt='' title='Prof. Stephan Gerhard'  height=\"140\" width=\"140\" srcset=\"https:\/\/antares-defence.de\/wp-content\/uploads\/2017\/02\/sg1.png 140w, https:\/\/antares-defence.de\/wp-content\/uploads\/2017\/02\/sg1-80x80.png 80w, https:\/\/antares-defence.de\/wp-content\/uploads\/2017\/02\/sg1-36x36.png 36w, https:\/\/antares-defence.de\/wp-content\/uploads\/2017\/02\/sg1-120x120.png 120w\" sizes=\"(max-width: 140px) 100vw, 140px\" \/><\/div><\/div><\/div><br \/>\n<section  class='av_textblock_section av-oqe3e-a9762a3425e0e4b3bb233a303a3cfec2 '  ><div class='avia_textblock' ><p style=\"text-align: center;\">Prof. Stephan Gerhard<\/p>\n<\/div><\/section><\/p><\/div>\n\n<style type=\"text\/css\" data-created_by=\"avia_inline_auto\" id=\"style-css-av-marru-aec569695ddb84f04b73e7643af1bfa7\">\n.flex_column.av-marru-aec569695ddb84f04b73e7643af1bfa7{\nborder-radius:0px 0px 0px 0px;\npadding:0px 0px 0px 0px;\n}\n<\/style>\n<div  class='flex_column av-marru-aec569695ddb84f04b73e7643af1bfa7 av_two_third  avia-builder-el-3  el_after_av_one_third  avia-builder-el-last  flex_column_div av-zero-column-padding  '     ><section  class='av_textblock_section av-f6fdm-7a9cc405eb2cf807cf8c75f22e9389d5 '  ><div class='avia_textblock' ><h3>Neue Wege mit geballter Kompetenz<\/h3>\n<\/div><\/section><br \/>\n\n<style type=\"text\/css\" data-created_by=\"avia_inline_auto\" id=\"style-css-av-uiui-a624721cb9cd1ad6c4973748704bb5d0\">\n#top .av_textblock_section.av-uiui-a624721cb9cd1ad6c4973748704bb5d0 .avia_textblock{\ntext-align:justify;\n}\n<\/style>\n<section  class='av_textblock_section av-uiui-a624721cb9cd1ad6c4973748704bb5d0 '  ><div class='avia_textblock' ><p>Man stelle sich vor, Sie w\u00e4gen sich in absoluter Sicherheit bei Ihrem Aufenthalt in\u00a0einem Hotel der gehobenen Klasse. Auch der erste Eindruck beim Betreten des\u00a0Hauses l\u00e4sst keinerlei Zweifel aufkommen. Warum auch ? \u2026denn um Dinge wie\u00a0Sicherheit, Brandschutz oder Sonstiges sind f\u00fcr Sie reine \u201eNebens\u00e4chlichkeiten\u201c. Ein\u00a0Bereich um den Sie sich nicht wirklich k\u00fcmmern m\u00fcssen. Aber weit gefehlt\u2026<br \/>\nIn vielen H\u00e4usern der gehobenen Kategorie findet genau dieses sensible Thema\u00a0wenig Beachtung. Ein Umstand, der gerade in der heutigen Zeit mit einer\u00a0beispielsweise abstrakten Gef\u00e4hrdung im Bereich Terrorismus, dem Gast eines\u00a0Hotels, eher nicht bewusst ist.<\/p>\n<p>Zum Gl\u00fcck aber gibt es Fachleute in diesem Segment des Tourismus und der\u00a0Hotellerie, wie Herrn Professor Stephan Gerhard.\u00a0Seit mittlerweile mehr als 30 Jahren ber\u00e4t sein Unternehmen, die TREUGAST\u00a0Solutions Group mehrheitlich im deutschprachigen Raum Hotel- und\u00a0Tourismusunternehmen in vielen Belangen. Selbst der Deutsche Fussball Bund\u00a0vertraut seinen Expertisen. Da er selbst in vielen H\u00e4usern zu Gast ist, l\u00e4sst ihn sein\u00a0geschultes Auge viele, auch sicherheitsrelevante Abl\u00e4ufe in den Hotels aus einem\u00a0anderen Winkel betrachten.<\/p>\n<p>Um genau da anzusetzen und aufgrund globaler Geschehnisse, gerade in j\u00fcngster\u00a0Zeit, sah Prof. Gerhard die Notwendigkeit gekommen, sich zus\u00e4tzlich ein\u00a0professionelles Management ins Boot zu holen. Sein Grundgedanke hierbei war, sich\u00a0auch international aufzustellen und jederzeit breitgef\u00e4chert agieren zu k\u00f6nnen.\u00a0Mit<strong><a href=\"https:\/\/antares-defence.de\/?page_id=271\"> Bettina Herbst<\/a><\/strong>, einer erfahrenen Fachkompetenz aus dem Bereich Sicherheit, ist\u00a0ihm das jetzt gelungen.<br \/>\nDie aus der Schmiede CSM (Continental Security\u00a0Management GmbH) stammende Projektleiterin sammelte Ihre Erfahrungen\u00a0fr\u00fchzeitig in den Bereichen Wirtschaftsermittlungen, Consulting, Hotelabsicherung,\u00a0VIP- Schutz etc.<\/p>\n<p>Das Betreuen im gehobenen Segment legte f\u00fcr sie somit den Grundstein f\u00fcr Ihren Erfahrungsschatz im Bereich Sicherheit. Das machte sie \u00e4u\u00dferst interessant f\u00fcr eine fundierte Zusammenarbeit mit Herrn Prof. Gerhard. Mit der <b>Antares Security Solutions<\/b>\u00a0hat das Team nun ein Bindeglied geschaffen, mit dem es gelingen soll etwaige Sicherheitsl\u00fccken zu schlie\u00dfen.<\/p>\n<p>Das f\u00e4ngt bei der technischen Ausstattung, wie \u00dcberwachungstechnik, etc. an, und beinhaltet zudem die Absicherung von\u00a0Veranstaltungen im erweiterten Sinne. Umfangreiche Schulungen des Personals &#8211;\u00a0wichtiger denn je &#8211; werden zielorientiert durchgef\u00fchrt. Im Sicherheitsbereich den\u00a0Mitarbeiter zu sensibilisieren, ist das A und O, denn dieser ist der erste Kontakt zum\u00a0Gast.<\/p>\n<p>Dar\u00fcber hinaus geh\u00f6rt der direkte Personenschutz von Hotelg\u00e4sten w\u00e4hrend, vor und nach ihren Hotelaufenthalten bis hin zur dauerhaften Absicherung, ebenfalls zum Portfolio der <b>Antares Security Solutions<\/b>. Ein Komplettpaket also, bei dem der Bereich Sicherheit aus einer Hand kommt. Ein hoch qualifiziertes Netzwerk an professionellen Mitarbeitern steht hierf\u00fcr bereit, um auch international und innerhalb k\u00fcrzester Zeit reagieren zu k\u00f6nnen.<br \/>\nDie Hotels und deren G\u00e4ste w\u00fcrde es sicherlich erfreuen, dass sich so jeder dann seinen regul\u00e4ren Abl\u00e4ufen im Hause widmen kann.<\/p>\n<\/div><\/section><\/p><\/div>\n","protected":false},"excerpt":{"rendered":"","protected":false},"author":1,"featured_media":0,"parent":0,"menu_order":0,"comment_status":"closed","ping_status":"closed","template":"","meta":{"footnotes":""},"class_list":["post-106","page","type-page","status-publish","hentry"],"_links":{"self":[{"href":"https:\/\/antares-defence.de\/index.php?rest_route=\/wp\/v2\/pages\/106","targetHints":{"allow":["GET"]}}],"collection":[{"href":"https:\/\/antares-defence.de\/index.php?rest_route=\/wp\/v2\/pages"}],"about":[{"href":"https:\/\/antares-defence.de\/index.php?rest_route=\/wp\/v2\/types\/page"}],"author":[{"embeddable":true,"href":"https:\/\/antares-defence.de\/index.php?rest_route=\/wp\/v2\/users\/1"}],"replies":[{"embeddable":true,"href":"https:\/\/antares-defence.de\/index.php?rest_route=%2Fwp%2Fv2%2Fcomments&post=106"}],"version-history":[{"count":15,"href":"https:\/\/antares-defence.de\/index.php?rest_route=\/wp\/v2\/pages\/106\/revisions"}],"predecessor-version":[{"id":427,"href":"https:\/\/antares-defence.de\/index.php?rest_route=\/wp\/v2\/pages\/106\/revisions\/427"}],"wp:attachment":[{"href":"https:\/\/antares-defence.de\/index.php?rest_route=%2Fwp%2Fv2%2Fmedia&parent=106"}],"curies":[{"name":"wp","href":"https:\/\/api.w.org\/{rel}","templated":true}]}}